{"id":99,"date":"2023-02-16T23:03:37","date_gmt":"2023-02-16T23:03:37","guid":{"rendered":"https:\/\/isamaribc.com\/?page_id=99"},"modified":"2023-03-23T21:21:30","modified_gmt":"2023-03-23T21:21:30","slug":"tratamiento-corporal","status":"publish","type":"page","link":"https:\/\/isamaribc.com\/?page_id=99","title":{"rendered":"Tratamiento Corporal"},"content":{"rendered":"<p>[et_pb_section fb_built=\u00bb1&#8243; _builder_version=\u00bb4.19.5&#8243; _module_preset=\u00bbdefault\u00bb background_image=\u00bbhttp:\/\/isamaribc.com\/wp-content\/uploads\/2023\/02\/Header_Tratamiento-Corporal.png\u00bb background_last_edited=\u00bbon|phone\u00bb background_image_phone=\u00bbhttp:\/\/isamaribc.com\/wp-content\/uploads\/2023\/02\/Header-Mobile_Tratamiento-Corporal.png\u00bb background_enable_image_phone=\u00bbon\u00bb global_colors_info=\u00bb{}\u00bb][et_pb_row column_structure=\u00bb1_2,1_2&#8243; _builder_version=\u00bb4.19.5&#8243; _module_preset=\u00bbdefault\u00bb custom_padding=\u00bb35px||70px||false|false\u00bb global_colors_info=\u00bb{}\u00bb][et_pb_column type=\u00bb1_2&#8243; disabled_on=\u00bbon|on|off\u00bb _builder_version=\u00bb4.19.5&#8243; _module_preset=\u00bbdefault\u00bb global_colors_info=\u00bb{}\u00bb][et_pb_text _builder_version=\u00bb4.19.5&#8243; _module_preset=\u00bbdefault\u00bb header_font=\u00bb|700|||||||\u00bb header_font_size=\u00bb52px\u00bb header_3_font_size=\u00bb35px\u00bb background_layout=\u00bbdark\u00bb global_colors_info=\u00bb{}\u00bb]<\/p>\n<h3>Tratamiento<\/h3>\n<h1>Corporal<\/h1>\n<p>[\/et_pb_text][et_pb_text _builder_version=\u00bb4.19.5&#8243; _module_preset=\u00bbdefault\u00bb text_text_color=\u00bb#d1f2f1&#8243; text_font_size=\u00bb16px\u00bb global_colors_info=\u00bb{}\u00bb]<\/p>\n<p>Nuestro tratamiento corporal esta desarrollado para alcanzar distintos objetivos en el cuerpo, mejorando su estado general tanto por fuera como por dentro; utilizando t\u00e9cnicas y equipos especializados para lograr un mejor resultado en nuestros pacientes.<\/p>\n<p>[\/et_pb_text][\/et_pb_column][et_pb_column type=\u00bb1_2&#8243; disabled_on=\u00bboff|off|on\u00bb _builder_version=\u00bb4.19.5&#8243; _module_preset=\u00bbdefault\u00bb global_colors_info=\u00bb{}\u00bb][et_pb_text _builder_version=\u00bb4.19.5&#8243; _module_preset=\u00bbdefault\u00bb header_font=\u00bb|700|||||||\u00bb header_font_size=\u00bb52px\u00bb header_3_font_size=\u00bb35px\u00bb background_layout=\u00bbdark\u00bb global_colors_info=\u00bb{}\u00bb]<\/p>\n<h3>Tratamiento<\/h3>\n<h1>Corporal<\/h1>\n<p>[\/et_pb_text][et_pb_text _builder_version=\u00bb4.19.5&#8243; _module_preset=\u00bbdefault\u00bb text_text_color=\u00bb#d1f2f1&#8243; global_colors_info=\u00bb{}\u00bb]<\/p>\n<p>Nuestro tratamiento corporal esta desarrollado para alcanzar distintos objetivos en el cuerpo, mejorando su estado general tanto por fuera como por dentro; utilizando t\u00e9cnicas y equipos especializados para lograr un mejor resultado en nuestros pacientes.<\/p>\n<p>[\/et_pb_text][\/et_pb_column][\/et_pb_row][\/et_pb_section][et_pb_section fb_built=\u00bb1&#8243; _builder_version=\u00bb4.19.5&#8243; _module_preset=\u00bbdefault\u00bb background_image=\u00bbhttp:\/\/isamaribc.com\/wp-content\/uploads\/2023\/02\/Silueta-Cuerpo_Fondo.png\u00bb background_size=\u00bbcontain\u00bb background_position=\u00bbcenter_right\u00bb background_last_edited=\u00bbon|desktop\u00bb background_enable_image_tablet=\u00bboff\u00bb background_enable_image_phone=\u00bboff\u00bb parallax_tablet=\u00bbon\u00bb global_colors_info=\u00bb{}\u00bb][et_pb_row column_structure=\u00bb1_3,1_3,1_3&#8243; _builder_version=\u00bb4.19.5&#8243; _module_preset=\u00bbdefault\u00bb scroll_fade_enable=\u00bboff\u00bb scroll_fade_tablet=\u00bb\u00bb scroll_fade_phone=\u00bb\u00bb scroll_fade_last_edited=\u00bbon|phone\u00bb global_colors_info=\u00bb{}\u00bb][et_pb_column type=\u00bb1_3&#8243; _builder_version=\u00bb4.19.5&#8243; _module_preset=\u00bbdefault\u00bb global_colors_info=\u00bb{}\u00bb][et_pb_blurb title=\u00bbReducci\u00f3n de medidas\u00bb image=\u00bbhttp:\/\/isamaribc.com\/wp-content\/uploads\/2023\/02\/Icono_VenusLegacy_Ima1.png\u00bb image_icon_width=\u00bb60%\u00bb _builder_version=\u00bb4.19.5&#8243; _module_preset=\u00bbdefault\u00bb header_text_align=\u00bbcenter\u00bb text_orientation=\u00bbcenter\u00bb custom_margin_tablet=\u00bb\u00bb custom_margin_phone=\u00bb|30px|20px|40px|false|false\u00bb custom_margin_last_edited=\u00bbon|phone\u00bb global_colors_info=\u00bb{}\u00bb]<\/p>\n<p>Nuestra t\u00e9cnica consiste tratar el tejido subcut\u00e1neo en las zonas donde se quiere reducir las medidas. Esto hace que se desintegren las c\u00e9lulas grasas.<\/p>\n<p>[\/et_pb_blurb][\/et_pb_column][et_pb_column type=\u00bb1_3&#8243; _builder_version=\u00bb4.19.5&#8243; _module_preset=\u00bbdefault\u00bb global_colors_info=\u00bb{}\u00bb][et_pb_blurb title=\u00bbFlacidez, reafirmar y tonificar la piel\u00bb image=\u00bbhttp:\/\/isamaribc.com\/wp-content\/uploads\/2023\/02\/Icono_VenusLegacy_Ima2.png\u00bb image_icon_width=\u00bb60%\u00bb _builder_version=\u00bb4.19.5&#8243; _module_preset=\u00bbdefault\u00bb header_text_align=\u00bbcenter\u00bb text_orientation=\u00bbcenter\u00bb custom_margin_tablet=\u00bb\u00bb custom_margin_phone=\u00bb|40px|20px|40px|false|false\u00bb custom_margin_last_edited=\u00bbon|phone\u00bb global_colors_info=\u00bb{}\u00bb]<\/p>\n<p>Por medio de radiofrecuencia reafirmamos la piel de manera mas eficaz y menos invasiva en nuestros pacientes; junto con otras t\u00e9cnicas y productos que mejoran significativamente el \u00e1rea a tratar.<\/p>\n<p>[\/et_pb_blurb][\/et_pb_column][et_pb_column type=\u00bb1_3&#8243; _builder_version=\u00bb4.19.5&#8243; _module_preset=\u00bbdefault\u00bb global_colors_info=\u00bb{}\u00bb][et_pb_blurb title=\u00bbCelulitis\u00bb image=\u00bbhttp:\/\/isamaribc.com\/wp-content\/uploads\/2023\/02\/Icono_VenusLegacy_Ima7.png\u00bb image_icon_width=\u00bb60%\u00bb _builder_version=\u00bb4.19.5&#8243; _module_preset=\u00bbdefault\u00bb header_text_align=\u00bbcenter\u00bb text_orientation=\u00bbcenter\u00bb custom_margin=\u00bb||||false|false\u00bb custom_margin_tablet=\u00bb||||false|false\u00bb custom_margin_phone=\u00bb|40px|20px|40px|false|false\u00bb custom_margin_last_edited=\u00bbon|phone\u00bb global_colors_info=\u00bb{}\u00bb]<\/p>\n<p>Por medio de nuestra t\u00e9cnica de Radiofrecuencia, que promueve la formaci\u00f3n de col\u00e1geno, nos ayuda a reducir las c\u00e9lulas de grasa para mejorar el aspecto de la celulitis.<\/p>\n<p>[\/et_pb_blurb][\/et_pb_column][\/et_pb_row][et_pb_row column_structure=\u00bb1_3,1_3,1_3&#8243; _builder_version=\u00bb4.19.5&#8243; _module_preset=\u00bbdefault\u00bb scroll_fade_enable=\u00bboff\u00bb scroll_fade_tablet=\u00bb\u00bb scroll_fade_phone=\u00bb\u00bb scroll_fade_last_edited=\u00bbon|phone\u00bb global_colors_info=\u00bb{}\u00bb][et_pb_column type=\u00bb1_3&#8243; _builder_version=\u00bb4.19.5&#8243; _module_preset=\u00bbdefault\u00bb global_colors_info=\u00bb{}\u00bb][et_pb_blurb title=\u00bbDrenaje linf\u00e1tico\u00bb image=\u00bbhttp:\/\/isamaribc.com\/wp-content\/uploads\/2023\/02\/Icono_VenusLegacy_Ima5.png\u00bb image_icon_width=\u00bb60%\u00bb _builder_version=\u00bb4.19.5&#8243; _module_preset=\u00bbdefault\u00bb header_text_align=\u00bbcenter\u00bb text_orientation=\u00bbcenter\u00bb custom_margin_tablet=\u00bb\u00bb custom_margin_phone=\u00bb|40px||40px|false|false\u00bb custom_margin_last_edited=\u00bbon|phone\u00bb global_colors_info=\u00bb{}\u00bb]<\/p>\n<p>La finalidad principal es eliminar l\u00edquidos, mejorar la visibilidad de la piel y estimular el sistema linf\u00e1tico. Mejorando los problemas de retenci\u00f3n de l\u00edquidos, est\u00e9tica corporal y dem\u00e1s.<span class=\"Apple-converted-space\">\u00a0<\/span><\/p>\n<p>[\/et_pb_blurb][\/et_pb_column][et_pb_column type=\u00bb1_3&#8243; _builder_version=\u00bb4.19.5&#8243; _module_preset=\u00bbdefault\u00bb global_colors_info=\u00bb{}\u00bb][et_pb_blurb title=\u00bbGrasa localizada\u00bb image=\u00bbhttp:\/\/isamaribc.com\/wp-content\/uploads\/2023\/02\/Icono_VenusLegacy_Ima1.png\u00bb image_icon_width=\u00bb60%\u00bb _builder_version=\u00bb4.19.5&#8243; _module_preset=\u00bbdefault\u00bb header_text_align=\u00bbcenter\u00bb text_orientation=\u00bbcenter\u00bb custom_margin_tablet=\u00bb\u00bb custom_margin_phone=\u00bb|40px|20px|40px|false|false\u00bb custom_margin_last_edited=\u00bbon|phone\u00bb global_colors_info=\u00bb{}\u00bb]<\/p>\n<p>Con nuestra t\u00e9cnica y m\u00faltiples procedimientos, podemos desvanecer la grasa localizada sin intervenciones quir\u00fargicas, brindado a nuestros pacientes resultados notorios en corto plazo.<span class=\"Apple-converted-space\">\u00a0<\/span><\/p>\n<p>[\/et_pb_blurb][\/et_pb_column][et_pb_column type=\u00bb1_3&#8243; _builder_version=\u00bb4.19.5&#8243; _module_preset=\u00bbdefault\u00bb global_colors_info=\u00bb{}\u00bb][et_pb_blurb title=\u00bbPapada\u00bb image=\u00bbhttp:\/\/isamaribc.com\/wp-content\/uploads\/2023\/02\/Icono_VenusLegacy_Ima4.png\u00bb image_icon_width=\u00bb60%\u00bb _builder_version=\u00bb4.20.0&#8243; _module_preset=\u00bbdefault\u00bb header_text_align=\u00bbcenter\u00bb text_orientation=\u00bbcenter\u00bb custom_margin_tablet=\u00bb\u00bb custom_margin_phone=\u00bb|40px||40px|false|false\u00bb custom_margin_last_edited=\u00bbon|phone\u00bb hover_enabled=\u00bb0&#8243; global_colors_info=\u00bb{}\u00bb sticky_enabled=\u00bb0&#8243;]<\/p>\n<p>Por medio de nuestro tratamiento con la VenusLegacy, eliminamos la grasa subcut\u00e1nea que cuelga bajo la barbilla, dandole rigidez a la piel, mejorando el aspecto del rostro.<span class=\"Apple-converted-space\">\u00a0<\/span><\/p>\n<p>[\/et_pb_blurb][\/et_pb_column][\/et_pb_row][et_pb_row column_structure=\u00bb1_3,1_3,1_3&#8243; _builder_version=\u00bb4.19.5&#8243; _module_preset=\u00bbdefault\u00bb global_colors_info=\u00bb{}\u00bb][et_pb_column type=\u00bb1_3&#8243; _builder_version=\u00bb4.19.5&#8243; _module_preset=\u00bbdefault\u00bb global_colors_info=\u00bb{}\u00bb][\/et_pb_column][et_pb_column type=\u00bb1_3&#8243; _builder_version=\u00bb4.19.5&#8243; _module_preset=\u00bbdefault\u00bb global_colors_info=\u00bb{}\u00bb][et_pb_image src=\u00bbhttp:\/\/isamaribc.com\/wp-content\/uploads\/2023\/02\/Icono_Agende-Su-cita-2.png\u00bb title_text=\u00bbIcono_Agende Su cita 2&#8243; url=\u00bbhttps:\/\/wa.link\/15f4bc\u00bb url_new_window=\u00bbon\u00bb align=\u00bbcenter\u00bb _builder_version=\u00bb4.19.5&#8243; _module_preset=\u00bbdefault\u00bb width=\u00bb70%\u00bb max_width=\u00bb70%\u00bb global_colors_info=\u00bb{}\u00bb][\/et_pb_image][\/et_pb_column][et_pb_column type=\u00bb1_3&#8243; _builder_version=\u00bb4.19.5&#8243; _module_preset=\u00bbdefault\u00bb global_colors_info=\u00bb{}\u00bb][\/et_pb_column][\/et_pb_row][et_pb_row _builder_version=\u00bb4.19.5&#8243; _module_preset=\u00bbdefault\u00bb global_colors_info=\u00bb{}\u00bb][et_pb_column type=\u00bb4_4&#8243; _builder_version=\u00bb4.19.5&#8243; _module_preset=\u00bbdefault\u00bb global_colors_info=\u00bb{}\u00bb][et_pb_divider _builder_version=\u00bb4.19.5&#8243; _module_preset=\u00bbdefault\u00bb global_colors_info=\u00bb{}\u00bb][\/et_pb_divider][\/et_pb_column][\/et_pb_row][et_pb_row _builder_version=\u00bb4.19.5&#8243; _module_preset=\u00bbdefault\u00bb global_colors_info=\u00bb{}\u00bb][et_pb_column type=\u00bb4_4&#8243; _builder_version=\u00bb4.19.5&#8243; _module_preset=\u00bbdefault\u00bb global_colors_info=\u00bb{}\u00bb][et_pb_text _builder_version=\u00bb4.19.5&#8243; _module_preset=\u00bbdefault\u00bb global_colors_info=\u00bb{}\u00bb]<\/p>\n<h4 style=\"text-align: center;\"><b>Protocolo de atenci\u00f3n para tratamientos reductores.<\/b><\/h4>\n<p>[\/et_pb_text][\/et_pb_column][\/et_pb_row][et_pb_row column_structure=\u00bb1_3,1_3,1_3&#8243; _builder_version=\u00bb4.19.5&#8243; _module_preset=\u00bbdefault\u00bb global_colors_info=\u00bb{}\u00bb][et_pb_column type=\u00bb1_3&#8243; _builder_version=\u00bb4.19.5&#8243; _module_preset=\u00bbdefault\u00bb global_colors_info=\u00bb{}\u00bb][et_pb_blurb title=\u00bbPaso 1&#8243; use_icon=\u00bbon\u00bb font_icon=\u00bb&#xf470;||fa||900&#8243; icon_color=\u00bb#8e7a51&#8243; _builder_version=\u00bb4.19.5&#8243; _module_preset=\u00bbdefault\u00bb header_font=\u00bb|700|||||||\u00bb header_text_align=\u00bbcenter\u00bb header_text_color=\u00bb#8e7a51&#8243; global_colors_info=\u00bb{}\u00bb]<\/p>\n<p style=\"text-align: center;\">Evaluamos al paciente y recomendar cu\u00e1l es la mejor opci\u00f3n dependiendo de si necesidad.<span class=\"Apple-converted-space\">\u00a0<\/span><\/p>\n<p>[\/et_pb_blurb][\/et_pb_column][et_pb_column type=\u00bb1_3&#8243; _builder_version=\u00bb4.19.5&#8243; _module_preset=\u00bbdefault\u00bb global_colors_info=\u00bb{}\u00bb][et_pb_blurb title=\u00bbPaso 2&#8243; use_icon=\u00bbon\u00bb font_icon=\u00bb&#xf5a7;||fa||900&#8243; icon_color=\u00bb#8e7a51&#8243; _builder_version=\u00bb4.19.5&#8243; _module_preset=\u00bbdefault\u00bb header_font=\u00bb|700|||||||\u00bb header_text_align=\u00bbcenter\u00bb header_text_color=\u00bb#8e7a51&#8243; global_colors_info=\u00bb{}\u00bb]<\/p>\n<p style=\"text-align: center;\">Desintoxicamos el \u00e1rea a tratar con manta t\u00e9rmica, aplicando nuestro producto de algas marinas,<span class=\"Apple-converted-space\">\u00a0 <\/span>con el fin que el cuerpo est\u00e9 listo para el siguiente paso.<span class=\"Apple-converted-space\">\u00a0<\/span><\/p>\n<p>[\/et_pb_blurb][\/et_pb_column][et_pb_column type=\u00bb1_3&#8243; _builder_version=\u00bb4.19.5&#8243; _module_preset=\u00bbdefault\u00bb global_colors_info=\u00bb{}\u00bb][et_pb_blurb title=\u00bbPaso 3&#8243; use_icon=\u00bbon\u00bb font_icon=\u00bb&#xf4fd;||fa||900&#8243; icon_color=\u00bb#8e7a51&#8243; _builder_version=\u00bb4.19.5&#8243; _module_preset=\u00bbdefault\u00bb header_font=\u00bb|700|||||||\u00bb header_text_align=\u00bbcenter\u00bb header_text_color=\u00bb#8e7a51&#8243; global_colors_info=\u00bb{}\u00bb]<\/p>\n<p style=\"text-align: center;\">Aplicamos la <span>cavitaci\u00f3n<\/span> y terminamos con el drenaje linf\u00e1tico manual o <span>vacumterapia<\/span>, recomendando una buena alimentaci\u00f3n y ejercicio para que los resultados sean m\u00e1s efectivos en corto tiempo.<\/p>\n<p>[\/et_pb_blurb][\/et_pb_column][\/et_pb_row][et_pb_row _builder_version=\u00bb4.19.5&#8243; _module_preset=\u00bbdefault\u00bb global_colors_info=\u00bb{}\u00bb][et_pb_column type=\u00bb4_4&#8243; _builder_version=\u00bb4.19.5&#8243; _module_preset=\u00bbdefault\u00bb global_colors_info=\u00bb{}\u00bb][et_pb_text _builder_version=\u00bb4.19.5&#8243; _module_preset=\u00bbdefault\u00bb global_colors_info=\u00bb{}\u00bb]<\/p>\n<p style=\"text-align: center;\"><strong>Cada 5 tratamientos tomamos el peso y las medidas para ir evaluando los resultados.<\/strong><\/p>\n<p>[\/et_pb_text][\/et_pb_column][\/et_pb_row][\/et_pb_section][et_pb_section fb_built=\u00bb1&#8243; _builder_version=\u00bb4.19.5&#8243; _module_preset=\u00bbdefault\u00bb background_color=\u00bb#d1f2f1&#8243; scroll_blur_enable=\u00bbon\u00bb border_radii=\u00bboff|50px|50px||\u00bb global_colors_info=\u00bb{}\u00bb][et_pb_row _builder_version=\u00bb4.19.5&#8243; _module_preset=\u00bbdefault\u00bb global_colors_info=\u00bb{}\u00bb][et_pb_column type=\u00bb4_4&#8243; _builder_version=\u00bb4.19.5&#8243; _module_preset=\u00bbdefault\u00bb global_colors_info=\u00bb{}\u00bb][et_pb_image src=\u00bbhttp:\/\/isamaribc.com\/wp-content\/uploads\/2023\/02\/VLE_StandardLogo_transparent.png\u00bb title_text=\u00bbVLE_StandardLogo_transparent\u00bb align=\u00bbcenter\u00bb _builder_version=\u00bb4.19.5&#8243; _module_preset=\u00bbdefault\u00bb width=\u00bb30%\u00bb width_tablet=\u00bb30%\u00bb width_phone=\u00bb30%\u00bb width_last_edited=\u00bbon|desktop\u00bb max_width=\u00bb70%\u00bb global_colors_info=\u00bb{}\u00bb][\/et_pb_image][et_pb_text _builder_version=\u00bb4.19.5&#8243; _module_preset=\u00bbdefault\u00bb global_colors_info=\u00bb{}\u00bb]<\/p>\n<h2 style=\"text-align: center;\">Como tratamiento de innovaci\u00f3n.<\/h2>\n<p>[\/et_pb_text][et_pb_button button_url=\u00bb@ET-DC@eyJkeW5hbWljIjp0cnVlLCJjb250ZW50IjoicG9zdF9saW5rX3VybF9wYWdlIiwic2V0dGluZ3MiOnsicG9zdF9pZCI6IjQ2In19@\u00bb button_text=\u00bbSaber mas\u00bb button_alignment=\u00bbcenter\u00bb _builder_version=\u00bb4.19.5&#8243; _dynamic_attributes=\u00bbbutton_url\u00bb _module_preset=\u00bbdefault\u00bb custom_button=\u00bbon\u00bb button_text_color=\u00bb#000000&#8243; button_border_width=\u00bb1px\u00bb button_border_color=\u00bb#000000&#8243; button_border_radius=\u00bb5px\u00bb global_colors_info=\u00bb{}\u00bb][\/et_pb_button][\/et_pb_column][\/et_pb_row][\/et_pb_section]<\/p>\n","protected":false},"excerpt":{"rendered":"<p>Tratamiento CorporalNuestro tratamiento corporal esta desarrollado para alcanzar distintos objetivos en el cuerpo, mejorando su estado general tanto por fuera como por dentro; utilizando t\u00e9cnicas y equipos especializados para lograr un mejor resultado en nuestros pacientes.Tratamiento CorporalNuestro tratamiento corporal esta desarrollado para alcanzar distintos objetivos en el cuerpo, mejorando su estado general tanto por fuera [&hellip;]<\/p>\n","protected":false},"author":1,"featured_media":0,"parent":0,"menu_order":0,"comment_status":"closed","ping_status":"closed","template":"","meta":{"_et_pb_use_builder":"on","_et_pb_old_content":"","_et_gb_content_width":"","footnotes":""},"class_list":["post-99","page","type-page","status-publish","hentry"],"aioseo_notices":[],"jetpack-related-posts":[],"jetpack_sharing_enabled":true,"_links":{"self":[{"href":"https:\/\/isamaribc.com\/index.php?rest_route=\/wp\/v2\/pages\/99","targetHints":{"allow":["GET"]}}],"collection":[{"href":"https:\/\/isamaribc.com\/index.php?rest_route=\/wp\/v2\/pages"}],"about":[{"href":"https:\/\/isamaribc.com\/index.php?rest_route=\/wp\/v2\/types\/page"}],"author":[{"embeddable":true,"href":"https:\/\/isamaribc.com\/index.php?rest_route=\/wp\/v2\/users\/1"}],"replies":[{"embeddable":true,"href":"https:\/\/isamaribc.com\/index.php?rest_route=%2Fwp%2Fv2%2Fcomments&post=99"}],"version-history":[{"count":30,"href":"https:\/\/isamaribc.com\/index.php?rest_route=\/wp\/v2\/pages\/99\/revisions"}],"predecessor-version":[{"id":364,"href":"https:\/\/isamaribc.com\/index.php?rest_route=\/wp\/v2\/pages\/99\/revisions\/364"}],"wp:attachment":[{"href":"https:\/\/isamaribc.com\/index.php?rest_route=%2Fwp%2Fv2%2Fmedia&parent=99"}],"curies":[{"name":"wp","href":"https:\/\/api.w.org\/{rel}","templated":true}]}}